{"id":104,"date":"2017-03-09T09:24:13","date_gmt":"2017-03-09T08:24:13","guid":{"rendered":"http:\/http:\/\/eurometer.com.pl\/kontakt\/"},"modified":"2019-10-02T11:39:21","modified_gmt":"2019-10-02T09:39:21","slug":"contact","status":"publish","type":"page","link":"https:\/\/eurometer.com.pl\/en\/contact\/","title":{"rendered":"Contact"},"content":{"rendered":"<div class=\"wpb-content-wrapper\"><p>[vc_row margin_top=&#8221;50&#8243; margin_bottom=&#8221;50&#8243;][vc_column width=&#8221;1\/2&#8243;][vc_custom_heading text=&#8221;Company information&#8221; font_container=&#8221;tag:h2|text_align:center&#8221; use_theme_fonts=&#8221;yes&#8221;][vc_column_text css_animation=&#8221;fadeIn&#8221;]<strong>Eurometer Poland sp. z o. o.<\/strong><br \/>\nNIP\u00a0\u00a0\u00a0\u00a0\u00a0 \u00a0 \u00a0 6793101034<br \/>\nKRS\u00a0\u00a0\u00a0\u00a0\u00a0\u00a0\u00a0\u00a0 0000511821<br \/>\nREGON\u00a0\u00a0\u00a0 123126711<br \/>\nAccount \u00a0\u00a0 PL 06 1910 1048 2116 6764 7645 0001<br \/>\nBank\u00a0 \u00a0 \u00a0 \u00a0 Santander Bank Polska<br \/>\nCapital \u00a0\u00a0\u00a0\u00a0 56 000,00 PLN<br \/>\nAdress \u00a0\u00a0 J\u00f3zefa Babi\u0144skiego 62 A, 30-393 Krak\u00f3w<br \/>\nSite \u00a0\u00a0 www.eurometer.com.pl<\/p>\n<p>Tel.\u00a0\u00a0\u00a0\u00a0\u00a0\u00a0\u00a0 (+48) 12\u00a0254 76 91<br \/>\nMail\u00a0\u00a0\u00a0 <span id=\"cloak73510\"><a href=\"mailto:biuro@eurometer.com.pl\">biuro@eurometer.com.pl<\/a><\/span>[\/vc_column_text][\/vc_column][vc_column width=&#8221;1\/2&#8243;][vc_custom_heading text=&#8221;Contact form&#8221; font_container=&#8221;tag:h2|text_align:center&#8221; use_theme_fonts=&#8221;yes&#8221; css_animation=&#8221;fadeIn&#8221;]\n<div class=\"wpcf7 no-js\" id=\"wpcf7-f552-o1\" lang=\"pl-PL\" dir=\"ltr\">\n<div class=\"screen-reader-response\"><p role=\"status\" aria-live=\"polite\" aria-atomic=\"true\"><\/p> <ul><\/ul><\/div>\n<form action=\"\/en\/wp-json\/wp\/v2\/pages\/104#wpcf7-f552-o1\" method=\"post\" class=\"wpcf7-form init\" aria-label=\"Formularz kontaktowy\" novalidate=\"novalidate\" data-status=\"init\">\n<div style=\"display: none;\">\n<input type=\"hidden\" name=\"_wpcf7\" value=\"552\" \/>\n<input type=\"hidden\" name=\"_wpcf7_version\" value=\"5.9.8\" \/>\n<input type=\"hidden\" name=\"_wpcf7_locale\" value=\"pl_PL\" \/>\n<input type=\"hidden\" name=\"_wpcf7_unit_tag\" value=\"wpcf7-f552-o1\" \/>\n<input type=\"hidden\" name=\"_wpcf7_container_post\" value=\"0\" \/>\n<input type=\"hidden\" name=\"_wpcf7_posted_data_hash\" value=\"\" \/>\n<input type=\"hidden\" name=\"_wpcf7_recaptcha_response\" value=\"\" \/>\n<\/div>\n<p><label>Name<br \/>\n<span class=\"wpcf7-form-control-wrap\" data-name=\"your-name\"><input size=\"40\" maxlength=\"400\" class=\"wpcf7-form-control wpcf7-text\" aria-invalid=\"false\" value=\"\" type=\"text\" name=\"your-name\" \/><\/span> <\/label>\n<\/p>\n<p><label> Email<span class=\"red\">*<br \/>\n<span class=\"wpcf7-form-control-wrap\" data-name=\"your-email\"><input size=\"40\" maxlength=\"400\" class=\"wpcf7-form-control wpcf7-email wpcf7-validates-as-required wpcf7-text wpcf7-validates-as-email\" aria-required=\"true\" aria-invalid=\"false\" value=\"\" type=\"email\" name=\"your-email\" \/><\/span> <\/span><\/label>\n<\/p>\n<p><label> Message<br \/>\n<span class=\"wpcf7-form-control-wrap\" data-name=\"your-message\"><textarea cols=\"40\" rows=\"5\" maxlength=\"2000\" class=\"wpcf7-form-control wpcf7-textarea\" aria-invalid=\"false\" name=\"your-message\"><\/textarea><\/span> <\/label><br \/>\n<br \/>\n<input class=\"wpcf7-form-control wpcf7-submit has-spinner\" type=\"submit\" value=\"Send\" \/>\n<\/p><div class=\"wpcf7-response-output\" aria-hidden=\"true\"><\/div>\n<\/form>\n<\/div>\n[\/vc_column][\/vc_row]<\/p>\n<\/div>","protected":false},"excerpt":{"rendered":"<p>[vc_row margin_top=&#8221;50&#8243; margin_bottom=&#8221;50&#8243;][vc_column width=&#8221;1\/2&#8243;][vc_custom_heading text=&#8221;Company information&#8221; font_container=&#8221;tag:h2|text_align:center&#8221; use_theme_fonts=&#8221;yes&#8221;][vc_column_text css_animation=&#8221;fadeIn&#8221;]Eurometer Poland sp. z o. o. NIP\u00a0\u00a0\u00a0\u00a0\u00a0 \u00a0 \u00a0 6793101034 KRS\u00a0\u00a0\u00a0\u00a0\u00a0\u00a0\u00a0\u00a0 0000511821 REGON\u00a0\u00a0\u00a0 123126711 Account \u00a0\u00a0 PL 06 1910 1048 2116 6764 7645 0001 Bank\u00a0 \u00a0 \u00a0 \u00a0 Santander Bank Polska Capital \u00a0\u00a0\u00a0\u00a0 56 000,00 PLN Adress \u00a0\u00a0 J\u00f3zefa Babi\u0144skiego 62 A, 30-393 Krak\u00f3w Site \u00a0\u00a0 www.eurometer.com.pl&hellip;<\/p>\n","protected":false},"author":1,"featured_media":0,"parent":0,"menu_order":0,"comment_status":"closed","ping_status":"closed","template":"","meta":{"footnotes":""},"yst_prominent_words":[244],"class_list":["post-104","page","type-page","status-publish","hentry","description-off"],"_links":{"self":[{"href":"https:\/\/eurometer.com.pl\/en\/wp-json\/wp\/v2\/pages\/104"}],"collection":[{"href":"https:\/\/eurometer.com.pl\/en\/wp-json\/wp\/v2\/pages"}],"about":[{"href":"https:\/\/eurometer.com.pl\/en\/wp-json\/wp\/v2\/types\/page"}],"author":[{"embeddable":true,"href":"https:\/\/eurometer.com.pl\/en\/wp-json\/wp\/v2\/users\/1"}],"replies":[{"embeddable":true,"href":"https:\/\/eurometer.com.pl\/en\/wp-json\/wp\/v2\/comments?post=104"}],"version-history":[{"count":9,"href":"https:\/\/eurometer.com.pl\/en\/wp-json\/wp\/v2\/pages\/104\/revisions"}],"predecessor-version":[{"id":886,"href":"https:\/\/eurometer.com.pl\/en\/wp-json\/wp\/v2\/pages\/104\/revisions\/886"}],"wp:attachment":[{"href":"https:\/\/eurometer.com.pl\/en\/wp-json\/wp\/v2\/media?parent=104"}],"wp:term":[{"taxonomy":"yst_prominent_words","embeddable":true,"href":"https:\/\/eurometer.com.pl\/en\/wp-json\/wp\/v2\/yst_prominent_words?post=104"}],"curies":[{"name":"wp","href":"https:\/\/api.w.org\/{rel}","templated":true}]}}